{"id":104,"date":"2023-01-25T17:45:28","date_gmt":"2023-01-25T16:45:28","guid":{"rendered":"http:\/\/www.shg-hafen.de\/hafen\/?page_id=104"},"modified":"2023-01-25T17:45:33","modified_gmt":"2023-01-25T16:45:33","slug":"termine","status":"publish","type":"page","link":"https:\/\/www.shg-hafen.de\/hafen\/termine\/","title":{"rendered":"Termine"},"content":{"rendered":"<div id=\"pl-104\"  class=\"panel-layout\" ><div id=\"pg-104-0\"  class=\"panel-grid panel-no-style\" ><div id=\"pgc-104-0-0\"  class=\"panel-grid-cell\" ><div id=\"panel-104-0-0-0\" class=\"so-panel widget widget_text panel-first-child panel-last-child\" data-index=\"0\" >\t\t\t<div class=\"textwidget\">\n<table id=\"tablepress-1\" class=\"tablepress tablepress-id-1\">\n<thead>\n<tr class=\"row-1\">\n\t<th class=\"column-1\">Datum<\/th><th class=\"column-2\">Tag<\/th><th class=\"column-3\">Uhrzeit<\/th><th class=\"column-4\">Wo<\/th><th class=\"column-5\">Wer oder was<\/th><td class=\"column-6\"><\/td><td class=\"column-7\"><\/td><td class=\"column-8\"><\/td>\n<\/tr>\n<\/thead>\n<tbody class=\"row-striping row-hover\">\n<tr class=\"row-2\">\n\t<td class=\"column-1\">12. Januar<\/td><td class=\"column-2\">Sonntag<\/td><td class=\"column-3\">14:30 Uhr<\/td><td class=\"column-4\">Schwabm\u00fcnchen<\/td><td class=\"column-5\">Gruppentreffen<\/td><td class=\"column-6\"><\/td><td class=\"column-7\"><\/td><td class=\"column-8\"><\/td>\n<\/tr>\n<tr class=\"row-3\">\n\t<td class=\"column-1\">9. Februar<\/td><td class=\"column-2\">Sonntag<\/td><td class=\"column-3\">14:30 Uhr<\/td><td class=\"column-4\">Schwabm\u00fcnchen<\/td><td class=\"column-5\">Gruppentreffen<\/td><td class=\"column-6\"><\/td><td class=\"column-7\"><\/td><td class=\"column-8\"><\/td>\n<\/tr>\n<tr class=\"row-4\">\n\t<td class=\"column-1\">9. M\u00e4rz<\/td><td class=\"column-2\">Sonntag<\/td><td class=\"column-3\">14:30 Uhr<\/td><td class=\"column-4\">Schwabm\u00fcnchen<\/td><td class=\"column-5\">Gruppentreffen<\/td><td class=\"column-6\"><\/td><td class=\"column-7\"><\/td><td class=\"column-8\"><\/td>\n<\/tr>\n<tr class=\"row-5\">\n\t<td class=\"column-1\">13. April<\/td><td class=\"column-2\">Sonntag<\/td><td class=\"column-3\">14:30 Uhr<\/td><td class=\"column-4\">Schwabm\u00fcnchen<\/td><td class=\"column-5\">Gruppentreffen<\/td><td class=\"column-6\"><\/td><td class=\"column-7\"><\/td><td class=\"column-8\"><\/td>\n<\/tr>\n<tr class=\"row-6\">\n\t<td class=\"column-1\">11. Mai<\/td><td class=\"column-2\">Sonntag<\/td><td class=\"column-3\">14:30 Uhr<\/td><td class=\"column-4\">Schwabm\u00fcnchen<\/td><td class=\"column-5\">Gruppentreffen<\/td><td class=\"column-6\"><\/td><td class=\"column-7\"><\/td><td class=\"column-8\"><\/td>\n<\/tr>\n<tr class=\"row-7\">\n\t<td class=\"column-1\">8. Juni<\/td><td class=\"column-2\">Sonntag<\/td><td class=\"column-3\">14:30 Uhr<\/td><td class=\"column-4\">Schwabm\u00fcnchen<\/td><td class=\"column-5\">Gruppentreffen<\/td><td class=\"column-6\"><\/td><td class=\"column-7\"><\/td><td class=\"column-8\"><\/td>\n<\/tr>\n<tr class=\"row-8\">\n\t<td class=\"column-1\">13. Juli<\/td><td class=\"column-2\">Sonntag<\/td><td class=\"column-3\">14:30 Uhr<\/td><td class=\"column-4\">Schwabm\u00fcnchen<\/td><td class=\"column-5\">Gruppentreffen<\/td><td class=\"column-6\"><\/td><td class=\"column-7\"><\/td><td class=\"column-8\"><\/td>\n<\/tr>\n<tr class=\"row-9\">\n\t<td class=\"column-1\">10 August<\/td><td class=\"column-2\">Sonntag<\/td><td class=\"column-3\">14:30 Uhr<\/td><td class=\"column-4\">Schwabm\u00fcnchen<\/td><td class=\"column-5\">Gruppentreffen<\/td><td class=\"column-6\"><\/td><td class=\"column-7\"><\/td><td class=\"column-8\"><\/td>\n<\/tr>\n<tr class=\"row-10\">\n\t<td class=\"column-1\">14. September<\/td><td class=\"column-2\">Sonntag<\/td><td class=\"column-3\">14:30 Uhr<\/td><td class=\"column-4\">Schwabm\u00fcnchen<\/td><td class=\"column-5\">Gruppentreffen<\/td><td class=\"column-6\"><\/td><td class=\"column-7\"><\/td><td class=\"column-8\"><\/td>\n<\/tr>\n<tr class=\"row-11\">\n\t<td class=\"column-1\">12. Oktober<\/td><td class=\"column-2\">Sonntag<\/td><td class=\"column-3\">14:30 Uhr<\/td><td class=\"column-4\">Schwabm\u00fcnchen<\/td><td class=\"column-5\">Gruppentreffen<\/td><td class=\"column-6\"><\/td><td class=\"column-7\"><\/td><td class=\"column-8\"><\/td>\n<\/tr>\n<tr class=\"row-12\">\n\t<td class=\"column-1\">9. November<\/td><td class=\"column-2\">Sonntag<\/td><td class=\"column-3\">14:30 Uhr<\/td><td class=\"column-4\">Schwabm\u00fcnchen<\/td><td class=\"column-5\">Gruppentreffen<\/td><td class=\"column-6\"><\/td><td class=\"column-7\"><\/td><td class=\"column-8\"><\/td>\n<\/tr>\n<tr class=\"row-13\">\n\t<td class=\"column-1\">14. Dezember<\/td><td class=\"column-2\">Sonntag<\/td><td class=\"column-3\">14:30 Uhr<\/td><td class=\"column-4\">Schwabm\u00fcnchen<\/td><td class=\"column-5\">Gruppentreffen<\/td><td class=\"column-6\"><\/td><td class=\"column-7\"><\/td><td class=\"column-8\"><\/td>\n<\/tr>\n<tr class=\"row-14\">\n\t<td class=\"column-1\"><\/td><td class=\"column-2\">Sonntag<\/td><td class=\"column-3\">14:30 Uhr<\/td><td class=\"column-4\">Schwabm\u00fcnchen<\/td><td class=\"column-5\">Gruppentreffen<\/td><td class=\"column-6\"><\/td><td class=\"column-7\"><\/td><td class=\"column-8\"><\/td>\n<\/tr>\n<\/tbody>\n<\/table>\n<!-- #tablepress-1 from cache -->\n<\/div>\n\t\t<\/div><\/div><\/div><\/div>","protected":false},"excerpt":{"rendered":"<p>DatumTagUhrzeitWoWer oder was 12. JanuarSonntag14:30 UhrSchwabm\u00fcnchenGruppentreffen 9. FebruarSonntag14:30 UhrSchwabm\u00fcnchenGruppentreffen 9. M\u00e4rzSonntag14:30 UhrSchwabm\u00fcnchenGruppentreffen 13. AprilSonntag14:30 UhrSchwabm\u00fcnchenGruppentreffen 11. MaiSonntag14:30 UhrSchwabm\u00fcnchenGruppentreffen 8. JuniSonntag14:30 UhrSchwabm\u00fcnchenGruppentreffen 13. JuliSonntag14:30 UhrSchwabm\u00fcnchenGruppentreffen 10 AugustSonntag14:30 UhrSchwabm\u00fcnchenGruppentreffen 14. SeptemberSonntag14:30 UhrSchwabm\u00fcnchenGruppentreffen 12. OktoberSonntag14:30 UhrSchwabm\u00fcnchenGruppentreffen 9. NovemberSonntag14:30 UhrSchwabm\u00fcnchenGruppentreffen 14. DezemberSonntag14:30 UhrSchwabm\u00fcnchenGruppentreffen Sonntag14:30 UhrSchwabm\u00fcnchenGruppentreffen<\/p>\n","protected":false},"author":2,"featured_media":0,"parent":0,"menu_order":0,"comment_status":"closed","ping_status":"closed","template":"","meta":{"footnotes":""},"class_list":["post-104","page","type-page","status-publish","hentry"],"_links":{"self":[{"href":"https:\/\/www.shg-hafen.de\/hafen\/wp-json\/wp\/v2\/pages\/104","targetHints":{"allow":["GET"]}}],"collection":[{"href":"https:\/\/www.shg-hafen.de\/hafen\/wp-json\/wp\/v2\/pages"}],"about":[{"href":"https:\/\/www.shg-hafen.de\/hafen\/wp-json\/wp\/v2\/types\/page"}],"author":[{"embeddable":true,"href":"https:\/\/www.shg-hafen.de\/hafen\/wp-json\/wp\/v2\/users\/2"}],"replies":[{"embeddable":true,"href":"https:\/\/www.shg-hafen.de\/hafen\/wp-json\/wp\/v2\/comments?post=104"}],"version-history":[{"count":9,"href":"https:\/\/www.shg-hafen.de\/hafen\/wp-json\/wp\/v2\/pages\/104\/revisions"}],"predecessor-version":[{"id":128,"href":"https:\/\/www.shg-hafen.de\/hafen\/wp-json\/wp\/v2\/pages\/104\/revisions\/128"}],"wp:attachment":[{"href":"https:\/\/www.shg-hafen.de\/hafen\/wp-json\/wp\/v2\/media?parent=104"}],"curies":[{"name":"wp","href":"https:\/\/api.w.org\/{rel}","templated":true}]}}