{"id":17,"date":"2023-01-25T15:16:15","date_gmt":"2023-01-25T14:16:15","guid":{"rendered":"http:\/\/www.shg-hafen.de\/hafen\/?page_id=17"},"modified":"2025-02-08T09:07:17","modified_gmt":"2025-02-08T08:07:17","slug":"startseite-aspe","status":"publish","type":"page","link":"https:\/\/www.shg-hafen.de\/hafen\/","title":{"rendered":"Startseite Hafen"},"content":{"rendered":"<div id=\"pl-17\"  class=\"panel-layout\" ><div id=\"pg-17-0\"  class=\"panel-grid panel-no-style\" ><div id=\"pgc-17-0-0\"  class=\"panel-grid-cell\" ><div id=\"panel-17-0-0-0\" class=\"so-panel widget widget_sow-editor panel-first-child panel-last-child\" data-index=\"0\" ><div\n\t\t\t\n\t\t\tclass=\"so-widget-sow-editor so-widget-sow-editor-base\"\n\t\t\t\n\t\t>\n<div class=\"siteorigin-widget-tinymce textwidget\">\n\t<h1>Was ist der Hafen?<\/h1>\n<\/div>\n<\/div><\/div><\/div><\/div><div id=\"pg-17-1\"  class=\"panel-grid panel-no-style\" ><div id=\"pgc-17-1-0\"  class=\"panel-grid-cell\" ><div id=\"panel-17-1-0-0\" class=\"so-panel widget widget_sow-editor panel-first-child panel-last-child\" data-index=\"1\" ><div\n\t\t\t\n\t\t\tclass=\"so-widget-sow-editor so-widget-sow-editor-base\"\n\t\t\t\n\t\t>\n<div class=\"siteorigin-widget-tinymce textwidget\">\n\t<p>Wir sind eine <strong>offene und kostenfreie Selbsthilfegruppe<\/strong>, die 2024 von Betroffenen f\u00fcr Betroffene gegr\u00fcndet wurde.<\/p>\n<p>Mit Hilfe der Gruppe wollen wir<\/p>\n<ul>\n<li>in einen offenen, r\u00fccksichtsvollen <strong>Austausch<\/strong> gehen,<\/li>\n<li>unsere <strong>Resilienz<\/strong> (die F\u00e4higkeit eigenst\u00e4ndig Krisen zu \u00fcberwinden) erkennen und st\u00e4rken,<\/li>\n<li>individuelle <strong>Ressourcen<\/strong> (Dinge aus denen wir Kraft sch\u00f6pfen) im Alltag finden und nutzen,<\/li>\n<li>soziale <strong>Kompetenzen<\/strong> und das <strong>Selbstbewusstsein<\/strong> f\u00f6rdern,<\/li>\n<li>einen <strong>achtsamen Umgang<\/strong> mit uns selbst und dem eigenen Umfeld entwickeln,<\/li>\n<li><strong>Vortr\u00e4ge<\/strong> von \u00c4rzten und Therapeuten (auch \u00fcber alternative Behandlungsmethoden), <strong>Entspannungstechniken<\/strong> f\u00fcr uns planen<\/li>\n<li><strong>Unternehmungen<\/strong> und <strong>Ausfl\u00fcge<\/strong> planen.<\/li>\n<\/ul>\n<\/div>\n<\/div><\/div><\/div><div id=\"pgc-17-1-1\"  class=\"panel-grid-cell\" ><div id=\"panel-17-1-1-0\" class=\"so-panel widget widget_sow-image panel-first-child panel-last-child\" data-index=\"2\" ><div\n\t\t\t\n\t\t\tclass=\"so-widget-sow-image so-widget-sow-image-default-c67d20f9f743-17\"\n\t\t\t\n\t\t><h3 class=\"widget-title\">eine Ortsgruppe der<\/h3>\n<div class=\"sow-image-container\">\n\t\t\t<a href=\"http:\/\/www.shg-hafen.de\/hafen\/wp-content\/uploads\/2023\/01\/logo5_600.png\"\n\t\t\ttarget=\"_blank\" rel=\"noopener noreferrer\" \t\t>\n\t\t\t<img \n\tsrc=\"https:\/\/www.shg-hafen.de\/hafen\/wp-content\/uploads\/2023\/01\/logo5_600.png\" width=\"200\" height=\"179\" srcset=\"https:\/\/www.shg-hafen.de\/hafen\/wp-content\/uploads\/2023\/01\/logo5_600.png 600w, https:\/\/www.shg-hafen.de\/hafen\/wp-content\/uploads\/2023\/01\/logo5_600-400x357.png 400w\" sizes=\"(max-width: 200px) 100vw, 200px\" title=\"eine Ortsgruppe der\" alt=\"ASPE e.V. Augsburg\" \t\tclass=\"so-widget-image\"\/>\n\t\t\t<\/a><\/div>\n\n<\/div><\/div><\/div><\/div><div id=\"pg-17-2\"  class=\"panel-grid panel-no-style\" ><div id=\"pgc-17-2-0\"  class=\"panel-grid-cell panel-grid-cell-mobile-last\" ><div id=\"panel-17-2-0-0\" class=\"so-panel widget widget_sow-editor panel-first-child panel-last-child\" data-index=\"3\" ><div\n\t\t\t\n\t\t\tclass=\"so-widget-sow-editor so-widget-sow-editor-base\"\n\t\t\t\n\t\t>\n<div class=\"siteorigin-widget-tinymce textwidget\">\n\t<h2 style=\"text-align: center;\"><strong>Achtung Termin<\/strong><\/h2>\n<h2 style=\"text-align: center;\"><span style=\"color: #bb1220;\"><strong>Die aktuellen Treffen finden Sie unter Termine im Menu<br \/>\nTreffpunkt ist das <\/strong>Haus der Caritas Ferdinand-Wagner-Str. 3. in 86830 Schwabm\u00fcnchen.<br \/>\n<\/span><\/h2>\n<p>&nbsp;<\/p>\n<h2 style=\"text-align: center;\">Besuchen sie auch unsere <a href=\"https:\/\/www.aspe-ev.de\/\"><strong>Webseite der ASPE e.V.<\/strong><\/a><\/h2>\n<p>&nbsp;<\/p>\n<\/div>\n<\/div><\/div><\/div><div id=\"pgc-17-2-1\"  class=\"panel-grid-cell panel-grid-cell-empty\" ><\/div><\/div><\/div>","protected":false},"excerpt":{"rendered":"<p>Was ist der Hafen? Wir sind eine offene und kostenfreie Selbsthilfegruppe, die 2024 von Betroffenen f\u00fcr Betroffene gegr\u00fcndet wurde. Mit Hilfe der Gruppe wollen wir in einen offenen, r\u00fccksichtsvollen Austausch gehen, unsere Resilienz (die F\u00e4higkeit eigenst\u00e4ndig Krisen zu \u00fcberwinden) erkennen und st\u00e4rken, individuelle Ressourcen (Dinge aus denen wir Kraft sch\u00f6pfen) im Alltag finden und nutzen, <a class=\"read-more\" href=\"https:\/\/www.shg-hafen.de\/hafen\/\">READ MORE<\/a><\/p>\n","protected":false},"author":2,"featured_media":0,"parent":0,"menu_order":0,"comment_status":"closed","ping_status":"closed","template":"","meta":{"footnotes":""},"class_list":["post-17","page","type-page","status-publish","hentry"],"_links":{"self":[{"href":"https:\/\/www.shg-hafen.de\/hafen\/wp-json\/wp\/v2\/pages\/17","targetHints":{"allow":["GET"]}}],"collection":[{"href":"https:\/\/www.shg-hafen.de\/hafen\/wp-json\/wp\/v2\/pages"}],"about":[{"href":"https:\/\/www.shg-hafen.de\/hafen\/wp-json\/wp\/v2\/types\/page"}],"author":[{"embeddable":true,"href":"https:\/\/www.shg-hafen.de\/hafen\/wp-json\/wp\/v2\/users\/2"}],"replies":[{"embeddable":true,"href":"https:\/\/www.shg-hafen.de\/hafen\/wp-json\/wp\/v2\/comments?post=17"}],"version-history":[{"count":80,"href":"https:\/\/www.shg-hafen.de\/hafen\/wp-json\/wp\/v2\/pages\/17\/revisions"}],"predecessor-version":[{"id":365,"href":"https:\/\/www.shg-hafen.de\/hafen\/wp-json\/wp\/v2\/pages\/17\/revisions\/365"}],"wp:attachment":[{"href":"https:\/\/www.shg-hafen.de\/hafen\/wp-json\/wp\/v2\/media?parent=17"}],"curies":[{"name":"wp","href":"https:\/\/api.w.org\/{rel}","templated":true}]}}