{"id":84,"date":"2023-01-25T16:40:52","date_gmt":"2023-01-25T15:40:52","guid":{"rendered":"http:\/\/www.shg-hafen.de\/hafen\/?page_id=84"},"modified":"2024-09-25T17:07:19","modified_gmt":"2024-09-25T15:07:19","slug":"kontakt","status":"publish","type":"page","link":"https:\/\/www.shg-hafen.de\/hafen\/kontakt\/","title":{"rendered":"Kontakt"},"content":{"rendered":"<div id=\"pl-84\"  class=\"panel-layout\" ><div id=\"pg-84-0\"  class=\"panel-grid panel-no-style\" ><div id=\"pgc-84-0-0\"  class=\"panel-grid-cell\" ><div id=\"panel-84-0-0-0\" class=\"so-panel widget widget_sow-editor panel-first-child panel-last-child\" data-index=\"0\" ><div\n\t\t\t\n\t\t\tclass=\"so-widget-sow-editor so-widget-sow-editor-base\"\n\t\t\t\n\t\t>\n<div class=\"siteorigin-widget-tinymce textwidget\">\n\t<h2>Treffpunkt<\/h2>\n<p>Wir treffen uns <strong>jeden 2. Sonntag des Monats<\/strong> um <strong>14.30 Uhr<\/strong> im UG des Geb\u00e4udes der Caritas, Ferdinand-Wagner-Str. 3. in 86830 Schwabm\u00fcnchen<br \/>\n(\u00c4nderungen und weitere Termine finden Sie auf unserer Webseite)<\/p>\n<\/div>\n<\/div><\/div><\/div><\/div><div id=\"pg-84-1\"  class=\"panel-grid panel-no-style\" ><div id=\"pgc-84-1-0\"  class=\"panel-grid-cell\" ><div id=\"panel-84-1-0-0\" class=\"so-panel widget widget_sow-editor panel-first-child panel-last-child\" data-index=\"1\" ><div\n\t\t\t\n\t\t\tclass=\"so-widget-sow-editor so-widget-sow-editor-base\"\n\t\t\t\n\t\t>\n<div class=\"siteorigin-widget-tinymce textwidget\">\n\t<h2>Anfahrt<\/h2>\n<p>in der Ortsmitte, hinter der Kirche St. Michael befindet sich das neue Haus der Caritas. Parkpl\u00e4tze finden sie in der Museumstra\u00dfe.<\/p>\n<\/div>\n<\/div><\/div><\/div><div id=\"pgc-84-1-1\"  class=\"panel-grid-cell\" ><div id=\"panel-84-1-1-0\" class=\"so-panel widget widget_sow-image panel-first-child\" data-index=\"2\" ><div\n\t\t\t\n\t\t\tclass=\"so-widget-sow-image so-widget-sow-image-default-8b5b6f678277-84\"\n\t\t\t\n\t\t>\n<div class=\"sow-image-container\">\n\t\t\t<a href=\"http:\/\/www.shg-hafen.de\/hafen\/wp-content\/uploads\/2023\/01\/lageplan.gif\"\n\t\t\ttarget=\"_blank\" rel=\"noopener noreferrer\" \t\t>\n\t\t\t<img \n\tsrc=\"https:\/\/www.shg-hafen.de\/hafen\/wp-content\/uploads\/2024\/09\/karte-web-400x380.jpg\" width=\"400\" height=\"380\" srcset=\"https:\/\/www.shg-hafen.de\/hafen\/wp-content\/uploads\/2024\/09\/karte-web-400x380.jpg 400w, https:\/\/www.shg-hafen.de\/hafen\/wp-content\/uploads\/2024\/09\/karte-web-1024x972.jpg 1024w, https:\/\/www.shg-hafen.de\/hafen\/wp-content\/uploads\/2024\/09\/karte-web-768x729.jpg 768w, https:\/\/www.shg-hafen.de\/hafen\/wp-content\/uploads\/2024\/09\/karte-web-1536x1457.jpg 1536w, https:\/\/www.shg-hafen.de\/hafen\/wp-content\/uploads\/2024\/09\/karte-web-2048x1943.jpg 2048w\" sizes=\"(max-width: 400px) 100vw, 400px\" title=\"karte web\" alt=\"\" \t\tclass=\"so-widget-image\"\/>\n\t\t\t<\/a><\/div>\n\n<\/div><\/div><div id=\"panel-84-1-1-1\" class=\"so-panel widget widget_sow-editor panel-last-child\" data-index=\"3\" ><div\n\t\t\t\n\t\t\tclass=\"so-widget-sow-editor so-widget-sow-editor-base\"\n\t\t\t\n\t\t>\n<div class=\"siteorigin-widget-tinymce textwidget\">\n\t<p><strong>Ihr erreicht uns<\/strong><\/p>\n<p><strong>E-Mail<\/strong>: info@SHG-Hafen.de<\/p>\n<\/div>\n<\/div><\/div><\/div><\/div><\/div>","protected":false},"excerpt":{"rendered":"<p>Treffpunkt Wir treffen uns jeden 2. Sonntag des Monats um 14.30 Uhr im UG des Geb\u00e4udes der Caritas, Ferdinand-Wagner-Str. 3. in 86830 Schwabm\u00fcnchen (\u00c4nderungen und weitere Termine finden Sie auf unserer Webseite) Anfahrt in der Ortsmitte, hinter der Kirche St. Michael befindet sich das neue Haus der Caritas. Parkpl\u00e4tze finden sie in der Museumstra\u00dfe. Ihr <a class=\"read-more\" href=\"https:\/\/www.shg-hafen.de\/hafen\/kontakt\/\">READ MORE<\/a><\/p>\n","protected":false},"author":2,"featured_media":0,"parent":0,"menu_order":0,"comment_status":"closed","ping_status":"closed","template":"","meta":{"footnotes":""},"class_list":["post-84","page","type-page","status-publish","hentry"],"_links":{"self":[{"href":"https:\/\/www.shg-hafen.de\/hafen\/wp-json\/wp\/v2\/pages\/84","targetHints":{"allow":["GET"]}}],"collection":[{"href":"https:\/\/www.shg-hafen.de\/hafen\/wp-json\/wp\/v2\/pages"}],"about":[{"href":"https:\/\/www.shg-hafen.de\/hafen\/wp-json\/wp\/v2\/types\/page"}],"author":[{"embeddable":true,"href":"https:\/\/www.shg-hafen.de\/hafen\/wp-json\/wp\/v2\/users\/2"}],"replies":[{"embeddable":true,"href":"https:\/\/www.shg-hafen.de\/hafen\/wp-json\/wp\/v2\/comments?post=84"}],"version-history":[{"count":19,"href":"https:\/\/www.shg-hafen.de\/hafen\/wp-json\/wp\/v2\/pages\/84\/revisions"}],"predecessor-version":[{"id":343,"href":"https:\/\/www.shg-hafen.de\/hafen\/wp-json\/wp\/v2\/pages\/84\/revisions\/343"}],"wp:attachment":[{"href":"https:\/\/www.shg-hafen.de\/hafen\/wp-json\/wp\/v2\/media?parent=84"}],"curies":[{"name":"wp","href":"https:\/\/api.w.org\/{rel}","templated":true}]}}